{"id":1540,"date":"2022-08-29T18:19:46","date_gmt":"2022-08-29T18:19:46","guid":{"rendered":"https:\/\/aderaexecutive.com\/esileht\/"},"modified":"2025-08-25T14:51:44","modified_gmt":"2025-08-25T11:51:44","slug":"esileht","status":"publish","type":"page","link":"https:\/\/aderaexecutive.com\/en\/","title":{"rendered":"Homepage"},"content":{"rendered":"\r\n<h1><\/h1>\r\n<p><a href=\"\"><\/a> <a href=\"\"> <img decoding=\"async\" src=\"https:\/\/aderaexecutive.com\/wp-content\/uploads\/2022\/09\/ArrowGray.svg\" \/><\/a>  <\/p>\r\n<h2><\/h2>\r\n\r\n<p> <a href=\"\"> <img decoding=\"async\" src=\"https:\/\/aderaexecutive.com\/wp-content\/uploads\/2022\/08\/OrangeArrow.svg\" \/><\/a><\/p>\r\n<h2><\/h2>\r\n\r\n<p> <a href=\"\"> <img decoding=\"async\" src=\"https:\/\/aderaexecutive.com\/wp-content\/uploads\/2022\/08\/OrangeArrow.svg\" \/><\/a> <img loading=\"lazy\" decoding=\"async\" title=\"Juhi otsingud Baltikumis ja Po\u0303hjamaades\" src=\"https:\/\/aderaexecutive.com\/wp-content\/uploads\/2022\/09\/Juhi-otsingud-Baltikumis-ja-Po\u0303hjamaades.jpg\" alt=\"Juhi otsingud Baltikumis ja Po\u0303hjamaades\" width=\"1986\" height=\"1434\" \/><\/p>\r\n<h3><\/h3>\r\n\r\n<p><a href=\"\"> <img decoding=\"async\" src=\"https:\/\/aderaexecutive.com\/wp-content\/uploads\/2022\/08\/OrangeArrow.svg\" \/><\/a> <\/p>\r\n<ul><\/ul>\r\n","protected":false},"excerpt":{"rendered":"","protected":false},"author":2,"featured_media":1129,"parent":0,"menu_order":0,"comment_status":"closed","ping_status":"closed","template":"","meta":{"_acf_changed":false,"_stc_notifier_status":"","_stc_notifier_sent_time":"","_stc_notifier_request":false,"_stc_notifier_prevent":false,"_stc_subscriber_keywords":"","_stc_subscriber_search_areas":"","inline_featured_image":false,"footnotes":""},"class_list":["post-1540","page","type-page","status-publish","has-post-thumbnail","hentry"],"acf":[],"yoast_head":"<!-- This site is optimized with the Yoast SEO plugin v24.4 - https:\/\/yoast.com\/wordpress\/plugins\/seo\/ -->\n<title>Adera Executive Search | Juhtide otsing<\/title>\n<meta name=\"description\" content=\"Leiame sinu organisatsioonile v\u00f5imeka juhi, kes tekitab konkurentsieelise, kujundab soovitud maine, ergastab meeskonnat\u00f6\u00f6d ja loob kultuuri, mis sobib kokku sinu seatud eesm\u00e4rkidega\" \/>\n<meta name=\"robots\" content=\"index, follow, max-snippet:-1, max-image-preview:large, max-video-preview:-1\" \/>\n<link rel=\"canonical\" href=\"https:\/\/aderaexecutive.com\/en\/\" \/>\n<meta property=\"og:locale\" content=\"en_US\" \/>\n<meta property=\"og:type\" content=\"article\" \/>\n<meta property=\"og:title\" content=\"Adera Executive Search | Juhtide otsing\" \/>\n<meta property=\"og:description\" content=\"Leiame sinu organisatsioonile v\u00f5imeka juhi, kes tekitab konkurentsieelise, kujundab soovitud maine, ergastab meeskonnat\u00f6\u00f6d ja loob kultuuri, mis sobib kokku sinu seatud eesm\u00e4rkidega\" \/>\n<meta property=\"og:url\" content=\"https:\/\/aderaexecutive.com\/en\/\" \/>\n<meta property=\"og:site_name\" content=\"Adera Executive Search\" \/>\n<meta property=\"article:publisher\" content=\"https:\/\/www.facebook.com\/profile.php?id=100086153144180\" \/>\n<meta property=\"article:modified_time\" content=\"2025-08-25T11:51:44+00:00\" \/>\n<meta property=\"og:image\" content=\"https:\/\/aderaexecutive.com\/wp-content\/uploads\/2022\/09\/Adera-Executive-Search-Cover-scaled.jpg\" \/>\n\t<meta property=\"og:image:width\" content=\"2560\" \/>\n\t<meta property=\"og:image:height\" content=\"1312\" \/>\n\t<meta property=\"og:image:type\" content=\"image\/jpeg\" \/>\n<meta name=\"twitter:card\" content=\"summary_large_image\" \/>\n<meta name=\"twitter:label1\" content=\"Est. reading time\" \/>\n\t<meta name=\"twitter:data1\" content=\"1 minute\" \/>\n<script type=\"application\/ld+json\" class=\"yoast-schema-graph\">{\"@context\":\"https:\/\/schema.org\",\"@graph\":[{\"@type\":\"WebPage\",\"@id\":\"https:\/\/aderaexecutive.com\/en\/\",\"url\":\"https:\/\/aderaexecutive.com\/en\/\",\"name\":\"Adera Executive Search | Juhtide otsing\",\"isPartOf\":{\"@id\":\"https:\/\/aderaexecutive.com\/#website\"},\"primaryImageOfPage\":{\"@id\":\"https:\/\/aderaexecutive.com\/en\/#primaryimage\"},\"image\":{\"@id\":\"https:\/\/aderaexecutive.com\/en\/#primaryimage\"},\"thumbnailUrl\":\"https:\/\/aderaexecutive.com\/wp-content\/uploads\/2022\/09\/Adera-Executive-Search-Cover-scaled.jpg\",\"datePublished\":\"2022-08-29T18:19:46+00:00\",\"dateModified\":\"2025-08-25T11:51:44+00:00\",\"description\":\"Leiame sinu organisatsioonile v\u00f5imeka juhi, kes tekitab konkurentsieelise, kujundab soovitud maine, ergastab meeskonnat\u00f6\u00f6d ja loob kultuuri, mis sobib kokku sinu seatud eesm\u00e4rkidega\",\"breadcrumb\":{\"@id\":\"https:\/\/aderaexecutive.com\/en\/#breadcrumb\"},\"inLanguage\":\"en-US\",\"potentialAction\":[{\"@type\":\"ReadAction\",\"target\":[\"https:\/\/aderaexecutive.com\/en\/\"]}]},{\"@type\":\"ImageObject\",\"inLanguage\":\"en-US\",\"@id\":\"https:\/\/aderaexecutive.com\/en\/#primaryimage\",\"url\":\"https:\/\/aderaexecutive.com\/wp-content\/uploads\/2022\/09\/Adera-Executive-Search-Cover-scaled.jpg\",\"contentUrl\":\"https:\/\/aderaexecutive.com\/wp-content\/uploads\/2022\/09\/Adera-Executive-Search-Cover-scaled.jpg\",\"width\":2560,\"height\":1312},{\"@type\":\"BreadcrumbList\",\"@id\":\"https:\/\/aderaexecutive.com\/en\/#breadcrumb\",\"itemListElement\":[{\"@type\":\"ListItem\",\"position\":1,\"name\":\"Home\",\"item\":\"https:\/\/aderaexecutive.com\/en\/\"},{\"@type\":\"ListItem\",\"position\":2,\"name\":\"Homepage\"}]},{\"@type\":\"WebSite\",\"@id\":\"https:\/\/aderaexecutive.com\/#website\",\"url\":\"https:\/\/aderaexecutive.com\/\",\"name\":\"Adera Executive Search\",\"description\":\"\",\"publisher\":{\"@id\":\"https:\/\/aderaexecutive.com\/#organization\"},\"potentialAction\":[{\"@type\":\"SearchAction\",\"target\":{\"@type\":\"EntryPoint\",\"urlTemplate\":\"https:\/\/aderaexecutive.com\/?s={search_term_string}\"},\"query-input\":{\"@type\":\"PropertyValueSpecification\",\"valueRequired\":true,\"valueName\":\"search_term_string\"}}],\"inLanguage\":\"en-US\"},{\"@type\":\"Organization\",\"@id\":\"https:\/\/aderaexecutive.com\/#organization\",\"name\":\"Adera Executive Search\",\"url\":\"https:\/\/aderaexecutive.com\/\",\"logo\":{\"@type\":\"ImageObject\",\"inLanguage\":\"en-US\",\"@id\":\"https:\/\/aderaexecutive.com\/#\/schema\/logo\/image\/\",\"url\":\"https:\/\/aderaexecutive.com\/wp-content\/uploads\/2022\/09\/Adera-Main-Logo.png\",\"contentUrl\":\"https:\/\/aderaexecutive.com\/wp-content\/uploads\/2022\/09\/Adera-Main-Logo.png\",\"width\":1491,\"height\":546,\"caption\":\"Adera Executive Search\"},\"image\":{\"@id\":\"https:\/\/aderaexecutive.com\/#\/schema\/logo\/image\/\"},\"sameAs\":[\"https:\/\/www.facebook.com\/profile.php?id=100086153144180\"]}]}<\/script>\n<!-- \/ Yoast SEO plugin. -->","yoast_head_json":{"title":"Adera Executive Search | Juhtide otsing","description":"Leiame sinu organisatsioonile v\u00f5imeka juhi, kes tekitab konkurentsieelise, kujundab soovitud maine, ergastab meeskonnat\u00f6\u00f6d ja loob kultuuri, mis sobib kokku sinu seatud eesm\u00e4rkidega","robots":{"index":"index","follow":"follow","max-snippet":"max-snippet:-1","max-image-preview":"max-image-preview:large","max-video-preview":"max-video-preview:-1"},"canonical":"https:\/\/aderaexecutive.com\/en\/","og_locale":"en_US","og_type":"article","og_title":"Adera Executive Search | Juhtide otsing","og_description":"Leiame sinu organisatsioonile v\u00f5imeka juhi, kes tekitab konkurentsieelise, kujundab soovitud maine, ergastab meeskonnat\u00f6\u00f6d ja loob kultuuri, mis sobib kokku sinu seatud eesm\u00e4rkidega","og_url":"https:\/\/aderaexecutive.com\/en\/","og_site_name":"Adera Executive Search","article_publisher":"https:\/\/www.facebook.com\/profile.php?id=100086153144180","article_modified_time":"2025-08-25T11:51:44+00:00","og_image":[{"width":2560,"height":1312,"url":"https:\/\/aderaexecutive.com\/wp-content\/uploads\/2022\/09\/Adera-Executive-Search-Cover-scaled.jpg","type":"image\/jpeg"}],"twitter_card":"summary_large_image","twitter_misc":{"Est. reading time":"1 minute"},"schema":{"@context":"https:\/\/schema.org","@graph":[{"@type":"WebPage","@id":"https:\/\/aderaexecutive.com\/en\/","url":"https:\/\/aderaexecutive.com\/en\/","name":"Adera Executive Search | Juhtide otsing","isPartOf":{"@id":"https:\/\/aderaexecutive.com\/#website"},"primaryImageOfPage":{"@id":"https:\/\/aderaexecutive.com\/en\/#primaryimage"},"image":{"@id":"https:\/\/aderaexecutive.com\/en\/#primaryimage"},"thumbnailUrl":"https:\/\/aderaexecutive.com\/wp-content\/uploads\/2022\/09\/Adera-Executive-Search-Cover-scaled.jpg","datePublished":"2022-08-29T18:19:46+00:00","dateModified":"2025-08-25T11:51:44+00:00","description":"Leiame sinu organisatsioonile v\u00f5imeka juhi, kes tekitab konkurentsieelise, kujundab soovitud maine, ergastab meeskonnat\u00f6\u00f6d ja loob kultuuri, mis sobib kokku sinu seatud eesm\u00e4rkidega","breadcrumb":{"@id":"https:\/\/aderaexecutive.com\/en\/#breadcrumb"},"inLanguage":"en-US","potentialAction":[{"@type":"ReadAction","target":["https:\/\/aderaexecutive.com\/en\/"]}]},{"@type":"ImageObject","inLanguage":"en-US","@id":"https:\/\/aderaexecutive.com\/en\/#primaryimage","url":"https:\/\/aderaexecutive.com\/wp-content\/uploads\/2022\/09\/Adera-Executive-Search-Cover-scaled.jpg","contentUrl":"https:\/\/aderaexecutive.com\/wp-content\/uploads\/2022\/09\/Adera-Executive-Search-Cover-scaled.jpg","width":2560,"height":1312},{"@type":"BreadcrumbList","@id":"https:\/\/aderaexecutive.com\/en\/#breadcrumb","itemListElement":[{"@type":"ListItem","position":1,"name":"Home","item":"https:\/\/aderaexecutive.com\/en\/"},{"@type":"ListItem","position":2,"name":"Homepage"}]},{"@type":"WebSite","@id":"https:\/\/aderaexecutive.com\/#website","url":"https:\/\/aderaexecutive.com\/","name":"Adera Executive Search","description":"","publisher":{"@id":"https:\/\/aderaexecutive.com\/#organization"},"potentialAction":[{"@type":"SearchAction","target":{"@type":"EntryPoint","urlTemplate":"https:\/\/aderaexecutive.com\/?s={search_term_string}"},"query-input":{"@type":"PropertyValueSpecification","valueRequired":true,"valueName":"search_term_string"}}],"inLanguage":"en-US"},{"@type":"Organization","@id":"https:\/\/aderaexecutive.com\/#organization","name":"Adera Executive Search","url":"https:\/\/aderaexecutive.com\/","logo":{"@type":"ImageObject","inLanguage":"en-US","@id":"https:\/\/aderaexecutive.com\/#\/schema\/logo\/image\/","url":"https:\/\/aderaexecutive.com\/wp-content\/uploads\/2022\/09\/Adera-Main-Logo.png","contentUrl":"https:\/\/aderaexecutive.com\/wp-content\/uploads\/2022\/09\/Adera-Main-Logo.png","width":1491,"height":546,"caption":"Adera Executive Search"},"image":{"@id":"https:\/\/aderaexecutive.com\/#\/schema\/logo\/image\/"},"sameAs":["https:\/\/www.facebook.com\/profile.php?id=100086153144180"]}]}},"_links":{"self":[{"href":"https:\/\/aderaexecutive.com\/en\/wp-json\/wp\/v2\/pages\/1540","targetHints":{"allow":["GET"]}}],"collection":[{"href":"https:\/\/aderaexecutive.com\/en\/wp-json\/wp\/v2\/pages"}],"about":[{"href":"https:\/\/aderaexecutive.com\/en\/wp-json\/wp\/v2\/types\/page"}],"author":[{"embeddable":true,"href":"https:\/\/aderaexecutive.com\/en\/wp-json\/wp\/v2\/users\/2"}],"replies":[{"embeddable":true,"href":"https:\/\/aderaexecutive.com\/en\/wp-json\/wp\/v2\/comments?post=1540"}],"version-history":[{"count":23,"href":"https:\/\/aderaexecutive.com\/en\/wp-json\/wp\/v2\/pages\/1540\/revisions"}],"predecessor-version":[{"id":2697,"href":"https:\/\/aderaexecutive.com\/en\/wp-json\/wp\/v2\/pages\/1540\/revisions\/2697"}],"wp:featuredmedia":[{"embeddable":true,"href":"https:\/\/aderaexecutive.com\/en\/wp-json\/wp\/v2\/media\/1129"}],"wp:attachment":[{"href":"https:\/\/aderaexecutive.com\/en\/wp-json\/wp\/v2\/media?parent=1540"}],"curies":[{"name":"wp","href":"https:\/\/api.w.org\/{rel}","templated":true}]}}